{"id":121269,"date":"2026-01-30T14:50:25","date_gmt":"2026-01-30T13:50:25","guid":{"rendered":"https:\/\/hempions.com\/?page_id=121269"},"modified":"2026-01-30T14:53:48","modified_gmt":"2026-01-30T13:53:48","slug":"barrierefreiheitserklaerung","status":"publish","type":"page","link":"https:\/\/hempions.com\/ch\/barrierefreiheitserklaerung\/","title":{"rendered":"Barrierefreiheitserkl\u00e4rung"},"content":{"rendered":"<h1 class=\"wp-block-heading has-text-align-center eplus-wrapper\" style=\"margin-top:40px;margin-bottom:40px\">Barrierefreiheits-Erkl\u00e4rung<\/h1><p class=\"eplus-wrapper\">Wir bei&nbsp;<strong>Hempions<\/strong>&nbsp;m\u00f6chten, dass m\u00f6glichst viele Menschen unsere Website nutzen k\u00f6nnen. Barrierefreiheit ist f\u00fcr uns ein wichtiges Thema, auch wenn wir aktuell noch nicht alle Anforderungen vollst\u00e4ndig umsetzen k\u00f6nnen.<\/p><h4 class=\"wp-block-heading eplus-wrapper\"><strong>Stand der Vereinbarkeit mit den Anforderungen<\/strong><\/h4><p class=\"eplus-wrapper\">Diese Website ist derzeit&nbsp;<strong>nicht vollst\u00e4ndig barrierefrei<\/strong>&nbsp;im Sinne des \u00f6sterreichischen&nbsp;<strong>Barrierefreiheitsgesetzes (BaFG)<\/strong>, welches auf der EU-Richtlinie zum European Accessibility Act basiert.<\/p><p class=\"eplus-wrapper\">Aufgrund begrenzter technischer und organisatorischer Ressourcen k\u00f6nnen derzeit nicht alle Inhalte und Funktionen barrierefrei zur Verf\u00fcgung gestellt werden.<\/p><h4 class=\"wp-block-heading eplus-wrapper\"><strong>Nicht barrierefreie Inhalte<\/strong><\/h4><p class=\"eplus-wrapper\">Es kann unter anderem vorkommen, dass:<\/p><ul class=\"wp-block-list eplus-wrapper eplus-styles-uid-4504c3\"><li class=\"eplus-wrapper\">einzelne Inhalte f\u00fcr Screenreader nicht optimal aufbereitet sind<\/li>\n\n<li class=\"eplus-wrapper\">Kontraste oder Schriftgr\u00f6\u00dfen nicht \u00fcberall den empfohlenen Werten entsprechen<\/li>\n\n<li class=\"eplus-wrapper\">bestimmte Bedienelemente nicht vollst\u00e4ndig mit der Tastatur nutzbar sind<\/li><\/ul><p class=\"eplus-wrapper\">Wir arbeiten laufend daran, bestehende Barrieren schrittweise zu reduzieren.<\/p><h4 class=\"wp-block-heading eplus-wrapper\"><strong>Feedback und Kontakt<\/strong><\/h4><p class=\"eplus-wrapper\">Solltest du beim Besuch unserer Website auf Barrieren sto\u00dfen oder Unterst\u00fctzung ben\u00f6tigen, freuen wir uns \u00fcber einen Hinweis.<br>Bitte kontaktiere uns unter:<\/p><p class=\"eplus-wrapper\"><a href=\"mailto:contact@hempions.ch\">contact@hempions.ch<\/a><\/p><p class=\"eplus-wrapper\">Wir bem\u00fchen uns, dein Anliegen zeitnah zu pr\u00fcfen und eine L\u00f6sung zu finden.<\/p>","protected":false},"excerpt":{"rendered":"<p> [&hellip;]<\/p>","protected":false},"author":1,"featured_media":0,"parent":0,"menu_order":0,"comment_status":"closed","ping_status":"closed","template":"","meta":{"BoldBlocksTypography":[],"editor_plus_copied_stylings":"{}","site-sidebar-layout":"default","site-content-layout":"","ast-site-content-layout":"default","site-content-style":"default","site-sidebar-style":"default","ast-global-header-display":"","ast-banner-title-visibility":"","ast-main-header-display":"","ast-hfb-above-header-display":"","ast-hfb-below-header-display":"","ast-hfb-mobile-header-display":"","site-post-title":"","ast-breadcrumbs-content":"","ast-featured-img":"","footer-sml-layout":"","theme-transparent-header-meta":"","adv-header-id-meta":"","stick-header-meta":"","header-above-stick-meta":"","header-main-stick-meta":"","header-below-stick-meta":"","astra-migrate-meta-layouts":"set","ast-page-background-enabled":"default","ast-page-background-meta":{"desktop":{"background-color":"","background-image":"","background-repeat":"repeat","background-position":"center center","background-size":"auto","background-attachment":"scroll","background-type":"","background-media":"","overlay-type":"","overlay-color":"","overlay-opacity":"","overlay-gradient":""},"tablet":{"background-color":"","background-image":"","background-repeat":"repeat","background-position":"center center","background-size":"auto","background-attachment":"scroll","background-type":"","background-media":"","overlay-type":"","overlay-color":"","overlay-opacity":"","overlay-gradient":""},"mobile":{"background-color":"","background-image":"","background-repeat":"repeat","background-position":"center center","background-size":"auto","background-attachment":"scroll","background-type":"","background-media":"","overlay-type":"","overlay-color":"","overlay-opacity":"","overlay-gradient":""}},"ast-content-background-meta":{"desktop":{"background-color":"var(--ast-global-color-5)","background-image":"","background-repeat":"repeat","background-position":"center center","background-size":"auto","background-attachment":"scroll","background-type":"","background-media":"","overlay-type":"","overlay-color":"","overlay-opacity":"","overlay-gradient":""},"tablet":{"background-color":"var(--ast-global-color-5)","background-image":"","background-repeat":"repeat","background-position":"center center","background-size":"auto","background-attachment":"scroll","background-type":"","background-media":"","overlay-type":"","overlay-color":"","overlay-opacity":"","overlay-gradient":""},"mobile":{"background-color":"var(--ast-global-color-5)","background-image":"","background-repeat":"repeat","background-position":"center center","background-size":"auto","background-attachment":"scroll","background-type":"","background-media":"","overlay-type":"","overlay-color":"","overlay-opacity":"","overlay-gradient":""}},"footnotes":""},"class_list":["post-121269","page","type-page","status-publish","hentry"],"_links":{"self":[{"href":"https:\/\/hempions.com\/ch\/wp-json\/wp\/v2\/pages\/121269"}],"collection":[{"href":"https:\/\/hempions.com\/ch\/wp-json\/wp\/v2\/pages"}],"about":[{"href":"https:\/\/hempions.com\/ch\/wp-json\/wp\/v2\/types\/page"}],"author":[{"embeddable":true,"href":"https:\/\/hempions.com\/ch\/wp-json\/wp\/v2\/users\/1"}],"replies":[{"embeddable":true,"href":"https:\/\/hempions.com\/ch\/wp-json\/wp\/v2\/comments?post=121269"}],"version-history":[{"count":3,"href":"https:\/\/hempions.com\/ch\/wp-json\/wp\/v2\/pages\/121269\/revisions"}],"predecessor-version":[{"id":121277,"href":"https:\/\/hempions.com\/ch\/wp-json\/wp\/v2\/pages\/121269\/revisions\/121277"}],"wp:attachment":[{"href":"https:\/\/hempions.com\/ch\/wp-json\/wp\/v2\/media?parent=121269"}],"curies":[{"name":"wp","href":"https:\/\/api.w.org\/{rel}","templated":true}]}}