{"id":69721,"date":"2022-03-31T20:36:13","date_gmt":"2022-03-31T18:36:13","guid":{"rendered":"https:\/\/hempions.com\/?page_id=69721"},"modified":"2024-05-21T11:18:11","modified_gmt":"2024-05-21T09:18:11","slug":"verpackung","status":"publish","type":"page","link":"https:\/\/hempions.com\/ch\/verpackung\/","title":{"rendered":"Plastik Kompensation"},"content":{"rendered":"<h1 class=\"wp-block-heading has-text-align-center eplus-wrapper eplus-styles-uid-30e526\" style=\"font-size:50px\"><strong>WIR<\/strong> sagen <soan style=\"color: #7cc5ab;\"><strong>PLASTIK<\/strong><\/soan> den Kampf an<\/h1><div class=\"wp-block-boldblocks-grid-item-repeater wp-block-boldblocks-custom-parent is-grid cbb-g-1 sm-cbb-grid-columns sm-cbb-grid-gap-column sm-cbb-grid-gap-row\"><div class=\"wp-block-boldblocks-grid-item wp-block-boldblocks-custom is-grid-item has-parent is-layout-flow wp-block-grid-item-is-layout-flow\"><figure class=\"wp-block-image alignright size-full is-resized eplus-wrapper eplus-styles-uid-b19d00\"><img loading=\"lazy\" decoding=\"async\" width=\"200\" height=\"166\" src=\"https:\/\/hempions.com\/wp-content\/uploads\/HempionsLogoNoText.png\" alt=\"\" class=\"wp-image-69447\" style=\"width:150px\" title=\"\"><\/figure><\/div>\n\n<div class=\"wp-block-boldblocks-grid-item wp-block-boldblocks-custom is-grid-item has-parent is-layout-flow wp-block-grid-item-is-layout-flow\"><figure class=\"wp-block-image alignleft size-full is-resized eplus-wrapper eplus-styles-uid-5a4c7b\"><a href=\"https:\/\/waste-reduction.de\/at-2110\" target=\"_blank\" rel=\"noopener\"><img loading=\"lazy\" decoding=\"async\" width=\"768\" height=\"591\" src=\"https:\/\/hempions.com\/wp-content\/uploads\/Logo-WasteReduction.png\" alt=\"\" class=\"wp-image-69718\" style=\"width:192px\" title=\"\" srcset=\"https:\/\/hempions.com\/wp-content\/uploads\/Logo-WasteReduction.png 768w, https:\/\/hempions.com\/wp-content\/uploads\/Logo-WasteReduction-600x462.png 600w, https:\/\/hempions.com\/wp-content\/uploads\/Logo-WasteReduction-300x231.png 300w\" sizes=\"(max-width: 768px) 100vw, 768px\" \/><\/a><\/figure><\/div><\/div><div class=\"wp-block-columns eplus-wrapper is-layout-flex wp-container-core-columns-is-layout-1 wp-block-columns-is-layout-flex eplus-styles-uid-83e7b3\"><div class=\"wp-block-column eplus-wrapper is-layout-flow wp-block-column-is-layout-flow\"><p class=\"has-text-align-center eplus-wrapper\" style=\"margin-top:30px;margin-bottom:0px;font-size:16px\"><strong>In Kooperation mit WasteReduction sammeln wir genau so viel Plastik aus der Umwelt, wie unsere Verpackung enth\u00e4lt<\/strong> \u267b<\/p>\n\n <div class=\"brlbs-cmpnt-container brlbs-cmpnt-content-blocker brlbs-cmpnt-with-individual-styles\" data-borlabs-cookie-content-blocker-id=\"default\" data-borlabs-cookie-content=\"PGlmcmFtZSBkYXRhLWJvcmxhYnMtY29va2llLWlmcmFtZS1zcGFyZWQgaGVpZ2h0PSc0MDBweCcgd2lkdGg9JzgwMHB4JyBzdHlsZT17eyBib3JkZXI6ICdub25lJyB9fSBzcmM9J2h0dHBzOi8vd2FzdGUtcmVkdWN0aW9uLnpld2FzLmF0L2lmcmFtZS8xMDI2YzgyNy03MWViLTQxNGEtYTFkMS1kYWYwMjNiNzNkODknPiB7JyAnfSA8L2lmcmFtZT4=\"><div class=\"brlbs-cmpnt-cb-preset-a\"> <p class=\"brlbs-cmpnt-cb-description\">Sie sehen gerade einen Platzhalterinhalt von <strong>Standard<\/strong>. Um auf den eigentlichen Inhalt zuzugreifen, klicken Sie auf den Button unten. Bitte beachten Sie, dass dabei Daten an Drittanbieter weitergegeben werden.<\/p> <div class=\"brlbs-cmpnt-cb-buttons\"> <a class=\"brlbs-cmpnt-cb-btn\" href=\"#\" data-borlabs-cookie-unblock role=\"button\">Inhalt entsperren<\/a> <a class=\"brlbs-cmpnt-cb-btn\" href=\"#\" data-borlabs-cookie-accept-service role=\"button\" style=\"display: none\">Erforderlichen Service akzeptieren und Inhalte entsperren<\/a> <\/div> <a class=\"brlbs-cmpnt-cb-provider-toggle\" href=\"#\" data-borlabs-cookie-show-provider-information role=\"button\">Weitere Informationen<\/a> <\/div><\/div><\/div><\/div><div class=\"wp-block-columns eplus-wrapper is-layout-flex wp-container-core-columns-is-layout-2 wp-block-columns-is-layout-flex eplus-styles-uid-26663f\"><div class=\"wp-block-column eplus-wrapper is-layout-flow wp-block-column-is-layout-flow\"><p class=\"has-text-align-center has-medium-font-size eplus-wrapper\" style=\"margin-top:0px;margin-bottom:20px\"><strong>Diese Projekte werden dabei unterst\u00fctzt:<\/strong><\/p>\n\n <div class=\"brlbs-cmpnt-container brlbs-cmpnt-content-blocker brlbs-cmpnt-with-individual-styles\" data-borlabs-cookie-content-blocker-id=\"default\" data-borlabs-cookie-content=\"PGlmcmFtZSBkYXRhLWJvcmxhYnMtY29va2llLWlmcmFtZS1zcGFyZWQgaGVpZ2h0PSc0NTBweCcgd2lkdGg9JzgwMHB4JyBzdHlsZT17eyBib3JkZXI6ICdub25lJyB9fSBzcmM9J2h0dHBzOi8vd2FzdGUtcmVkdWN0aW9uLnpld2FzLmF0L2lmcmFtZS85OWU0OGEzZi01YmMxLTQxYzQtYjcxYi1kOWY2OWE5MjY4ZGMnPiB7JyAnfSA8L2lmcmFtZT4=\"><div class=\"brlbs-cmpnt-cb-preset-a\"> <p class=\"brlbs-cmpnt-cb-description\">Sie sehen gerade einen Platzhalterinhalt von <strong>Standard<\/strong>. Um auf den eigentlichen Inhalt zuzugreifen, klicken Sie auf den Button unten. Bitte beachten Sie, dass dabei Daten an Drittanbieter weitergegeben werden.<\/p> <div class=\"brlbs-cmpnt-cb-buttons\"> <a class=\"brlbs-cmpnt-cb-btn\" href=\"#\" data-borlabs-cookie-unblock role=\"button\">Inhalt entsperren<\/a> <a class=\"brlbs-cmpnt-cb-btn\" href=\"#\" data-borlabs-cookie-accept-service role=\"button\" style=\"display: none\">Erforderlichen Service akzeptieren und Inhalte entsperren<\/a> <\/div> <a class=\"brlbs-cmpnt-cb-provider-toggle\" href=\"#\" data-borlabs-cookie-show-provider-information role=\"button\">Weitere Informationen<\/a> <\/div><\/div><\/div><\/div><div class=\"wp-block-columns eplus-wrapper is-layout-flex wp-container-core-columns-is-layout-3 wp-block-columns-is-layout-flex eplus-styles-uid-17aa41\"><div class=\"wp-block-column eplus-wrapper is-layout-flow wp-block-column-is-layout-flow\"><h2 class=\"wp-block-heading has-text-align-center eplus-wrapper eplus-styles-uid-a054e2\">Wir <strong>\u00fcbernehmen <\/strong>Verantwortung f\u00fcr unsere Umwelt!<\/h2><\/div><\/div><div class=\"wp-block-columns eplus-wrapper is-layout-flex wp-container-core-columns-is-layout-4 wp-block-columns-is-layout-flex eplus-styles-uid-942b12\"><div class=\"wp-block-column eplus-wrapper is-layout-flow wp-block-column-is-layout-flow\"><figure class=\"wp-block-image aligncenter size-large eplus-wrapper eplus-styles-uid-b12575\"><a href=\"https:\/\/waste-reduction.de\/at-2110\" target=\"_blank\" rel=\"noopener\"><img loading=\"lazy\" decoding=\"async\" width=\"800\" height=\"800\" src=\"https:\/\/hempions.com\/wp-content\/uploads\/Hempions-Plastikeneutral-800x800.jpg\" alt=\"\" class=\"wp-image-69722\" title=\"\" srcset=\"https:\/\/hempions.com\/wp-content\/uploads\/Hempions-Plastikeneutral-800x800.jpg 800w, https:\/\/hempions.com\/wp-content\/uploads\/Hempions-Plastikeneutral-1000x1000.jpg 1000w, https:\/\/hempions.com\/wp-content\/uploads\/Hempions-Plastikeneutral-100x100.jpg 100w, https:\/\/hempions.com\/wp-content\/uploads\/Hempions-Plastikeneutral-600x600.jpg 600w, https:\/\/hempions.com\/wp-content\/uploads\/Hempions-Plastikeneutral-300x300.jpg 300w, https:\/\/hempions.com\/wp-content\/uploads\/Hempions-Plastikeneutral-150x150.jpg 150w, https:\/\/hempions.com\/wp-content\/uploads\/Hempions-Plastikeneutral-768x768.jpg 768w, https:\/\/hempions.com\/wp-content\/uploads\/Hempions-Plastikeneutral-1536x1536.jpg 1536w, https:\/\/hempions.com\/wp-content\/uploads\/Hempions-Plastikeneutral-24x24.jpg 24w, https:\/\/hempions.com\/wp-content\/uploads\/Hempions-Plastikeneutral-48x48.jpg 48w, https:\/\/hempions.com\/wp-content\/uploads\/Hempions-Plastikeneutral-96x96.jpg 96w, https:\/\/hempions.com\/wp-content\/uploads\/Hempions-Plastikeneutral-32x32.jpg 32w, https:\/\/hempions.com\/wp-content\/uploads\/Hempions-Plastikeneutral.jpg 2000w\" sizes=\"(max-width: 800px) 100vw, 800px\" \/><\/a><\/figure><\/div>\n\n<div class=\"wp-block-column eplus-wrapper is-layout-flow wp-block-column-is-layout-flow\"><p class=\"eplus-wrapper\">Deshalb haben wir uns f\u00fcr eine\u00a0Partnerschaft\u00a0mit der Organisation <strong>WasteReduction <\/strong>entschieden.\u00a0<\/p>\n\n<p class=\"eplus-wrapper\"><strong>WasteReduction<\/strong> kompensiert unsere Kunststoffverpackungen und setzt sich so f\u00fcr eine\u00a0<strong>Plastikm\u00fcll-freie Natur<\/strong>\u00a0ein.<\/p>\n\n<p class=\"eplus-wrapper\">Entsprechend dem Gewicht der verkauften Verpackungen f\u00fchren wir einen Kompensationsbeitrag an WasteReduction ab. Diese Verpackungen erhalten das<strong> plastikneutral+ Label<\/strong>.<\/p>\n\n<p class=\"eplus-wrapper\">F\u00fcr jede Verpackung mit dem <strong>plastikneutral+ Label<\/strong>\u00a0wird die Natur vor derselben\u00a0Menge an anderem Plastikm\u00fcll bewahrt und bereits bestehender Plastikm\u00fcll aus der Umwelt gesammelt. Zus\u00e4tzlich wird zur Pr\u00e4vention Bildung und Aufkl\u00e4rung mit Kindern rund um Plastik und Umweltschutz betrieben.<\/p>\n\n<p class=\"eplus-wrapper\">Das <strong>+<\/strong> im Label steht daf\u00fcr, dass <strong>durch die Bildung und den Aufbau neuer Projekte\u00a0wesentlich\u00a0mehr getan<\/strong>\u00a0wird, als der reine Ausgleich des Plastikfu\u00dfabdruck f\u00fcr die Umwelt.<\/p>\n\n<div class=\"wp-block-buttons eplus-wrapper is-content-justification-center is-layout-flex wp-container-core-buttons-is-layout-1 wp-block-buttons-is-layout-flex eplus-styles-uid-92f3ea\"><div class=\"wp-block-button eplus-wrapper eplus-styles-uid-320312\"><a class=\"wp-block-button__link wp-element-button\" href=\"https:\/\/waste-reduction.de\/at-2110\" target=\"_blank\" rel=\"noreferrer noopener\"><strong>Mehr dazu<\/strong><\/a><\/div><\/div><\/div><\/div><div class=\"wp-block-columns eplus-wrapper is-layout-flex wp-container-core-columns-is-layout-5 wp-block-columns-is-layout-flex eplus-styles-uid-4edb41\"><div class=\"wp-block-column eplus-wrapper is-layout-flow wp-block-column-is-layout-flow\"><p class=\"has-text-align-center has-medium-font-size eplus-wrapper\" style=\"margin-top:40px;margin-bottom:20px\"><strong>So viel Plasitk haben wir bereits kompensiert:<\/strong><\/p>\n\n <div class=\"brlbs-cmpnt-container brlbs-cmpnt-content-blocker brlbs-cmpnt-with-individual-styles\" data-borlabs-cookie-content-blocker-id=\"default\" data-borlabs-cookie-content=\"PGlmcmFtZSBkYXRhLWJvcmxhYnMtY29va2llLWlmcmFtZS1zcGFyZWQgaGVpZ2h0PScxODBweCcgd2lkdGg9JzgwMHB4JyBzdHlsZT17eyBib3JkZXI6ICdub25lJyB9fSBzcmM9J2h0dHBzOi8vd2FzdGUtcmVkdWN0aW9uLnpld2FzLmF0L2lmcmFtZS83YTQ1YzA1Mi0wMWVmLTQ1ZmYtYmY5Ny02MTUyNTc3OWQ2ZmEnPiB7JyAnfSA8L2lmcmFtZT4=\"><div class=\"brlbs-cmpnt-cb-preset-a\"> <p class=\"brlbs-cmpnt-cb-description\">Sie sehen gerade einen Platzhalterinhalt von <strong>Standard<\/strong>. Um auf den eigentlichen Inhalt zuzugreifen, klicken Sie auf den Button unten. Bitte beachten Sie, dass dabei Daten an Drittanbieter weitergegeben werden.<\/p> <div class=\"brlbs-cmpnt-cb-buttons\"> <a class=\"brlbs-cmpnt-cb-btn\" href=\"#\" data-borlabs-cookie-unblock role=\"button\">Inhalt entsperren<\/a> <a class=\"brlbs-cmpnt-cb-btn\" href=\"#\" data-borlabs-cookie-accept-service role=\"button\" style=\"display: none\">Erforderlichen Service akzeptieren und Inhalte entsperren<\/a> <\/div> <a class=\"brlbs-cmpnt-cb-provider-toggle\" href=\"#\" data-borlabs-cookie-show-provider-information role=\"button\">Weitere Informationen<\/a> <\/div><\/div><\/div><\/div><div class=\"wp-block-columns eplus-wrapper is-layout-flex wp-container-core-columns-is-layout-6 wp-block-columns-is-layout-flex eplus-styles-uid-f8566b\"><div class=\"wp-block-column eplus-wrapper is-layout-flow wp-block-column-is-layout-flow\"><h2 class=\"wp-block-heading has-text-align-center eplus-wrapper eplus-styles-uid-a054e2\"><strong>Warum m\u00fcssen manche Produkte \u00fcberhaupt\u00a0noch in\u00a0Kunststoff verpackt\u00a0werden?<\/strong><\/h2><\/div><\/div><div class=\"wp-block-columns eplus-wrapper is-layout-flex wp-container-core-columns-is-layout-7 wp-block-columns-is-layout-flex eplus-styles-uid-926fb6\"><div class=\"wp-block-column eplus-wrapper is-layout-flow wp-block-column-is-layout-flow eplus-styles-uid-27be0e\"><p class=\"eplus-wrapper\">Obwohl wir es wirklich gerne vermeiden\u00a0w\u00fcrden, kommen wir bei manchen Produkten einfach nicht ohne Kunststoff aus.<\/p>\n\n<p class=\"eplus-wrapper\">Bei<strong> Hanf Hamesan<\/strong> zum Beispiel m\u00fcssen wir aufgrund der Beschaffenheit des Produktes und geltender Lebensmittelschutzgesetze eine Plastikverpackung verwenden. Weil wir dies nicht einfach so hinnehmen, <strong>kompensieren<\/strong> wir f\u00fcr jede Hamesan-Verpackung den <strong>Plastikfu\u00dfabdruck<\/strong>.<\/p><\/div>\n\n<div class=\"wp-block-column eplus-wrapper is-layout-flow wp-block-column-is-layout-flow\"><figure class=\"wp-block-image aligncenter size-large eplus-wrapper eplus-styles-uid-765a83\"><img loading=\"lazy\" decoding=\"async\" width=\"800\" height=\"800\" src=\"https:\/\/hempions.com\/wp-content\/uploads\/Hanf-Hamesan-Doypack-Plastikneutral-800x800.png\" alt=\"\" class=\"wp-image-74875\" title=\"\" srcset=\"https:\/\/hempions.com\/wp-content\/uploads\/Hanf-Hamesan-Doypack-Plastikneutral-800x800.png 800w, https:\/\/hempions.com\/wp-content\/uploads\/Hanf-Hamesan-Doypack-Plastikneutral-1000x1000.png 1000w, https:\/\/hempions.com\/wp-content\/uploads\/Hanf-Hamesan-Doypack-Plastikneutral-100x100.png 100w, https:\/\/hempions.com\/wp-content\/uploads\/Hanf-Hamesan-Doypack-Plastikneutral-600x600.png 600w, https:\/\/hempions.com\/wp-content\/uploads\/Hanf-Hamesan-Doypack-Plastikneutral-300x300.png 300w, https:\/\/hempions.com\/wp-content\/uploads\/Hanf-Hamesan-Doypack-Plastikneutral-150x150.png 150w, https:\/\/hempions.com\/wp-content\/uploads\/Hanf-Hamesan-Doypack-Plastikneutral-768x768.png 768w, https:\/\/hempions.com\/wp-content\/uploads\/Hanf-Hamesan-Doypack-Plastikneutral-12x12.png 12w, https:\/\/hempions.com\/wp-content\/uploads\/Hanf-Hamesan-Doypack-Plastikneutral-60x60.png 60w, https:\/\/hempions.com\/wp-content\/uploads\/Hanf-Hamesan-Doypack-Plastikneutral-110x110.png 110w, https:\/\/hempions.com\/wp-content\/uploads\/Hanf-Hamesan-Doypack-Plastikneutral-24x24.png 24w, https:\/\/hempions.com\/wp-content\/uploads\/Hanf-Hamesan-Doypack-Plastikneutral-48x48.png 48w, https:\/\/hempions.com\/wp-content\/uploads\/Hanf-Hamesan-Doypack-Plastikneutral-96x96.png 96w, https:\/\/hempions.com\/wp-content\/uploads\/Hanf-Hamesan-Doypack-Plastikneutral-32x32.png 32w, https:\/\/hempions.com\/wp-content\/uploads\/Hanf-Hamesan-Doypack-Plastikneutral-90x90.png 90w, https:\/\/hempions.com\/wp-content\/uploads\/Hanf-Hamesan-Doypack-Plastikneutral.png 1024w\" sizes=\"(max-width: 800px) 100vw, 800px\" \/><\/figure><\/div><\/div><div class=\"wp-block-columns eplus-wrapper is-layout-flex wp-container-core-columns-is-layout-8 wp-block-columns-is-layout-flex eplus-styles-uid-6c6bc3\"><div class=\"wp-block-column eplus-wrapper is-layout-flow wp-block-column-is-layout-flow eplus-styles-uid-837380\"><h2 class=\"wp-block-heading has-text-align-center eplus-wrapper\">Wer ist WasteReduction?<\/h2><\/div><\/div><div class=\"wp-block-columns eplus-wrapper is-layout-flex wp-container-core-columns-is-layout-9 wp-block-columns-is-layout-flex eplus-styles-uid-2f4810\"><div class=\"wp-block-column eplus-wrapper is-layout-flow wp-block-column-is-layout-flow\"><figure class=\"wp-block-image aligncenter size-large eplus-wrapper eplus-styles-uid-765a83\"><a href=\"https:\/\/waste-reduction.de\/wir\" target=\"_blank\" rel=\"noopener\"><img loading=\"lazy\" decoding=\"async\" width=\"800\" height=\"754\" src=\"https:\/\/hempions.com\/wp-content\/uploads\/2021-11-Founder-WasteReduction-4-800x754.jpg\" alt=\"\" class=\"wp-image-69750\" title=\"\" srcset=\"https:\/\/hempions.com\/wp-content\/uploads\/2021-11-Founder-WasteReduction-4-800x754.jpg 800w, https:\/\/hempions.com\/wp-content\/uploads\/2021-11-Founder-WasteReduction-4-600x566.jpg 600w, https:\/\/hempions.com\/wp-content\/uploads\/2021-11-Founder-WasteReduction-4-300x283.jpg 300w, https:\/\/hempions.com\/wp-content\/uploads\/2021-11-Founder-WasteReduction-4-768x724.jpg 768w, https:\/\/hempions.com\/wp-content\/uploads\/2021-11-Founder-WasteReduction-4-24x24.jpg 24w, https:\/\/hempions.com\/wp-content\/uploads\/2021-11-Founder-WasteReduction-4.jpg 1000w\" sizes=\"(max-width: 800px) 100vw, 800px\" \/><\/a><\/figure><\/div>\n\n<div class=\"wp-block-column eplus-wrapper is-layout-flow wp-block-column-is-layout-flow\"><p class=\"eplus-wrapper\"><strong>WasteReduction<\/strong> ist ein Social Impact Start-up, das die globale und lokale Plastikkrise anpackt. Die Gr\u00fcnder Ruth und Martin haben auf Reisen erlebt, wie Familien umringt von M\u00fcll leben und Fl\u00fcsse von M\u00fcllkippen nicht mehr zu unterscheiden sind \u2013 das wollten sie \u00e4ndern! Mit der Kunststoffkompensation haben sie f\u00fcr alle eine M\u00f6glichkeit geschaffen, Teil ihrer Mission zu werden. Sie arbeiten nicht gewinnorientiert, sondern f\u00fcr das Wohl unseres Planeten.<\/p>\n\n<p class=\"eplus-wrapper\">Wir bei Hempions sind begeistert von dem, was WasteReduction in unserer Gesellschaft bewegt und stehen daher voll und ganz dahinter. Wenn du mehr \u00fcber <strong>WasteReduction<\/strong> erfahren willst, klicke einfach auf den Button:<\/p><\/div><\/div><div class=\"wp-block-columns eplus-wrapper is-layout-flex wp-container-core-columns-is-layout-10 wp-block-columns-is-layout-flex eplus-styles-uid-09d8b3\"><div class=\"wp-block-column eplus-wrapper is-layout-flow wp-block-column-is-layout-flow\"><div class=\"wp-block-buttons eplus-wrapper is-content-justification-center is-layout-flex wp-container-core-buttons-is-layout-2 wp-block-buttons-is-layout-flex eplus-styles-uid-92f3ea\"><div class=\"wp-block-button eplus-wrapper eplus-styles-uid-2b93a4\"><a class=\"wp-block-button__link wp-element-button\" href=\"https:\/\/waste-reduction.de\/wir\" target=\"_blank\" rel=\"noreferrer noopener\"><strong>Mehr zu WasteReduction<\/strong><\/a><\/div><\/div><\/div><\/div>","protected":false},"excerpt":{"rendered":"<p> [&hellip;]<\/p>","protected":false},"author":1,"featured_media":69722,"parent":0,"menu_order":0,"comment_status":"closed","ping_status":"closed","template":"","meta":{"BoldBlocksTypography":[],"editor_plus_copied_stylings":"{}","site-sidebar-layout":"default","site-content-layout":"","ast-site-content-layout":"default","site-content-style":"default","site-sidebar-style":"default","ast-global-header-display":"","ast-banner-title-visibility":"","ast-main-header-display":"","ast-hfb-above-header-display":"","ast-hfb-below-header-display":"","ast-hfb-mobile-header-display":"","site-post-title":"disabled","ast-breadcrumbs-content":"disabled","ast-featured-img":"disabled","footer-sml-layout":"","theme-transparent-header-meta":"","adv-header-id-meta":"","stick-header-meta":"","header-above-stick-meta":"","header-main-stick-meta":"","header-below-stick-meta":"","astra-migrate-meta-layouts":"set","ast-page-background-enabled":"default","ast-page-background-meta":{"desktop":{"background-color":"","background-image":"","background-repeat":"repeat","background-position":"center center","background-size":"auto","background-attachment":"scroll","background-type":"","background-media":"","overlay-type":"","overlay-color":"","overlay-opacity":"","overlay-gradient":""},"tablet":{"background-color":"","background-image":"","background-repeat":"repeat","background-position":"center center","background-size":"auto","background-attachment":"scroll","background-type":"","background-media":"","overlay-type":"","overlay-color":"","overlay-opacity":"","overlay-gradient":""},"mobile":{"background-color":"","background-image":"","background-repeat":"repeat","background-position":"center center","background-size":"auto","background-attachment":"scroll","background-type":"","background-media":"","overlay-type":"","overlay-color":"","overlay-opacity":"","overlay-gradient":""}},"ast-content-background-meta":{"desktop":{"background-color":"var(--ast-global-color-5)","background-image":"","background-repeat":"repeat","background-position":"center center","background-size":"auto","background-attachment":"scroll","background-type":"","background-media":"","overlay-type":"","overlay-color":"","overlay-opacity":"","overlay-gradient":""},"tablet":{"background-color":"var(--ast-global-color-5)","background-image":"","background-repeat":"repeat","background-position":"center center","background-size":"auto","background-attachment":"scroll","background-type":"","background-media":"","overlay-type":"","overlay-color":"","overlay-opacity":"","overlay-gradient":""},"mobile":{"background-color":"var(--ast-global-color-5)","background-image":"","background-repeat":"repeat","background-position":"center center","background-size":"auto","background-attachment":"scroll","background-type":"","background-media":"","overlay-type":"","overlay-color":"","overlay-opacity":"","overlay-gradient":""}},"footnotes":""},"class_list":["post-69721","page","type-page","status-publish","has-post-thumbnail","hentry"],"_links":{"self":[{"href":"https:\/\/hempions.com\/ch\/wp-json\/wp\/v2\/pages\/69721"}],"collection":[{"href":"https:\/\/hempions.com\/ch\/wp-json\/wp\/v2\/pages"}],"about":[{"href":"https:\/\/hempions.com\/ch\/wp-json\/wp\/v2\/types\/page"}],"author":[{"embeddable":true,"href":"https:\/\/hempions.com\/ch\/wp-json\/wp\/v2\/users\/1"}],"replies":[{"embeddable":true,"href":"https:\/\/hempions.com\/ch\/wp-json\/wp\/v2\/comments?post=69721"}],"version-history":[{"count":2,"href":"https:\/\/hempions.com\/ch\/wp-json\/wp\/v2\/pages\/69721\/revisions"}],"predecessor-version":[{"id":79843,"href":"https:\/\/hempions.com\/ch\/wp-json\/wp\/v2\/pages\/69721\/revisions\/79843"}],"wp:featuredmedia":[{"embeddable":true,"href":"https:\/\/hempions.com\/ch\/wp-json\/wp\/v2\/media\/69722"}],"wp:attachment":[{"href":"https:\/\/hempions.com\/ch\/wp-json\/wp\/v2\/media?parent=69721"}],"curies":[{"name":"wp","href":"https:\/\/api.w.org\/{rel}","templated":true}]}}