{"id":121001,"date":"2026-01-16T11:43:47","date_gmt":"2026-01-16T10:43:47","guid":{"rendered":"https:\/\/hempions.com\/?post_type=product&#038;p=121001"},"modified":"2026-04-15T22:20:57","modified_gmt":"2026-04-15T20:20:57","slug":"bio-hemp-flips-packs","status":"publish","type":"product","link":"https:\/\/hempions.com\/ch\/hanf-flips\/bio-hemp-flips-packs\/","title":{"rendered":"Hemp Flips Travel Pack"},"content":{"rendered":"","protected":false},"excerpt":{"rendered":"<p>Reisegr\u00f6\u00dfe 30g &#8211; perfekt zum Probiern oder f\u00fcr unterwegs \u2708\ufe0f<\/p>","protected":false},"featured_media":121854,"comment_status":"closed","ping_status":"closed","template":"","meta":{"BoldBlocksTypography":[],"editor_plus_copied_stylings":"{}","site-sidebar-layout":"no-sidebar","site-content-layout":"default","ast-site-content-layout":"full-width-container","site-content-style":"default","site-sidebar-style":"default","ast-global-header-display":"","ast-banner-title-visibility":"","ast-main-header-display":"","ast-hfb-above-header-display":"","ast-hfb-below-header-display":"","ast-hfb-mobile-header-display":"","site-post-title":"","ast-breadcrumbs-content":"","ast-featured-img":"","footer-sml-layout":"","theme-transparent-header-meta":"default","adv-header-id-meta":"","stick-header-meta":"default","header-above-stick-meta":"","header-main-stick-meta":"","header-below-stick-meta":"","astra-migrate-meta-layouts":"set","ast-page-background-enabled":"default","ast-page-background-meta":{"desktop":{"background-color":"","background-image":"","background-repeat":"repeat","background-position":"center center","background-size":"auto","background-attachment":"scroll","background-type":"","background-media":"","overlay-type":"","overlay-color":"","overlay-opacity":"","overlay-gradient":""},"tablet":{"background-color":"","background-image":"","background-repeat":"repeat","background-position":"center center","background-size":"auto","background-attachment":"scroll","background-type":"","background-media":"","overlay-type":"","overlay-color":"","overlay-opacity":"","overlay-gradient":""},"mobile":{"background-color":"","background-image":"","background-repeat":"repeat","background-position":"center center","background-size":"auto","background-attachment":"scroll","background-type":"","background-media":"","overlay-type":"","overlay-color":"","overlay-opacity":"","overlay-gradient":""}},"ast-content-background-meta":{"desktop":{"background-color":"var(--ast-global-color-5)","background-image":"","background-repeat":"repeat","background-position":"center center","background-size":"auto","background-attachment":"scroll","background-type":"","background-media":"","overlay-type":"","overlay-color":"","overlay-opacity":"","overlay-gradient":""},"tablet":{"background-color":"var(--ast-global-color-5)","background-image":"","background-repeat":"repeat","background-position":"center center","background-size":"auto","background-attachment":"scroll","background-type":"","background-media":"","overlay-type":"","overlay-color":"","overlay-opacity":"","overlay-gradient":""},"mobile":{"background-color":"var(--ast-global-color-5)","background-image":"","background-repeat":"repeat","background-position":"center center","background-size":"auto","background-attachment":"scroll","background-type":"","background-media":"","overlay-type":"","overlay-color":"","overlay-opacity":"","overlay-gradient":""}}},"product_cat":[4484],"product_tag":[4514,4515,4513,4512,4510,457,4516,4509],"class_list":{"0":"post-121001","1":"product","2":"type-product","3":"status-publish","4":"has-post-thumbnail","6":"product_cat-hanf-flips","7":"product_tag-billa","8":"product_tag-billa-plus","9":"product_tag-flips","10":"product_tag-hanf-flips","11":"product_tag-hemp-flips-turek","12":"product_tag-lebensmittel","13":"product_tag-pflanzilla","14":"product_tag-turek","15":"desktop-align-left","16":"tablet-align-left","17":"mobile-align-left","18":"ast-product-gallery-layout-horizontal","19":"ast-magnify-disabled","20":"ast-product-single-variable","21":"ast-product-tabs-layout-horizontal","23":"first","24":"instock","25":"purchasable","26":"product-type-variable","27":"has-default-attributes"},"_links":{"self":[{"href":"https:\/\/hempions.com\/ch\/wp-json\/wp\/v2\/product\/121001"}],"collection":[{"href":"https:\/\/hempions.com\/ch\/wp-json\/wp\/v2\/product"}],"about":[{"href":"https:\/\/hempions.com\/ch\/wp-json\/wp\/v2\/types\/product"}],"replies":[{"embeddable":true,"href":"https:\/\/hempions.com\/ch\/wp-json\/wp\/v2\/comments?post=121001"}],"wp:featuredmedia":[{"embeddable":true,"href":"https:\/\/hempions.com\/ch\/wp-json\/wp\/v2\/media\/121854"}],"wp:attachment":[{"href":"https:\/\/hempions.com\/ch\/wp-json\/wp\/v2\/media?parent=121001"}],"wp:term":[{"taxonomy":"product_cat","embeddable":true,"href":"https:\/\/hempions.com\/ch\/wp-json\/wp\/v2\/product_cat?post=121001"},{"taxonomy":"product_tag","embeddable":true,"href":"https:\/\/hempions.com\/ch\/wp-json\/wp\/v2\/product_tag?post=121001"}],"curies":[{"name":"wp","href":"https:\/\/api.w.org\/{rel}","templated":true}]}}