{"id":54527,"date":"2020-11-25T08:34:36","date_gmt":"2020-11-25T07:34:36","guid":{"rendered":"https:\/\/hempions.com\/?post_type=product&#038;p=54527"},"modified":"2025-09-05T16:08:36","modified_gmt":"2025-09-05T14:08:36","slug":"champions-paket","status":"publish","type":"product","link":"https:\/\/hempions.com\/ch\/sparsets\/champions-paket\/","title":{"rendered":"Champions Paket"},"content":{"rendered":"<h2><b>Das Hempions Paket f\u00fcr wahre Champions\u00a0<\/b><\/h2>\n<p><span style=\"font-weight: 400;\">Mit dem Champions Paket kannst du unsere Hanf Genuss Vielfalt kennen lernen und dabei ordentlich sparen. Sowohl unsere Kreationen aus Hanfsamen, als auch das CBD \u00d6l sind perfekt, um dich bei einer vitalen Lebensweise zu unterst\u00fctzen.<\/span><\/p>\n<h2><b>Das beste, was Hanf zu bieten hat<\/b><\/h2>\n<p><span style=\"font-weight: 400;\">Im Champions Paket enthalten ist ein hochwertiges, nat\u00fcrliches CBD-\u00d6l sowie eine ganze Reihe an leckeren Geschmackserlebnissen mit den wertvollen N\u00e4hrstoffen des <\/span><a href=\"https:\/\/hempions.com\/ch\/knowledge\/naehrstoffwunder-hanfsamen\/\"><b>Superfoods Hanfsamen<\/b><\/a><b>:<\/b><\/p>\n<ul>\n<li style=\"font-weight: 400;\">Reich an essentiellen <strong>Omega-3<\/strong> Fetts\u00e4uren.<\/li>\n<li style=\"font-weight: 400;\">Ein hoher Gehalt an <strong>Eisen<\/strong> und <strong>Magnesium<\/strong> tr\u00e4gt zur Verringerung von M\u00fcdigkeit und Erm\u00fcdung bei.<\/li>\n<li style=\"font-weight: 400;\">Reich an <strong>Zink<\/strong>, welches zum Schutz der Zellen vor oxidativem Stress beitr\u00e4gt.<\/li>\n<li style=\"font-weight: 400;\">Ein hoher Gehalt an <strong>Eiwei\u00df<\/strong> unterst\u00fctzt den Aufbau und die Erhaltung von Muskelmasse.<\/li>\n<li style=\"font-weight: 400;\">Zudem weisen die Hanf Crunchies einen hohen <strong>Ballaststoffgehalt<\/strong> auf.<\/li>\n<\/ul>\n<h2><b>Das steckt im Champions Paket<\/b><\/h2>\n<h3><b>Bio Hanf Hamesan<\/b><\/h3>\n<p>Unser Hanf Hamesan ist das perfekte Topping f\u00fcr Pasta, Salate und \u00fcberall dort, wo du ansonsten geriebenen Hartk\u00e4se verwenden w\u00fcrdest. Der w\u00fcrzige Geschmack erinnert an Streuk\u00e4se mit einer fein-nussigen Note und \u00fcberzeugt auf warmen und kalten Gerichten. Voller Geschmack, und das vegan und glutenfrei.<\/p>\n<h3><b>Bio Hanfmus Roasted<\/b><\/h3>\n<p>Hanfmus Roasted ist der K\u00f6nig aller Nussmuse. Die einzigartige Kombination aus wertvollen N\u00e4hrstoffen mit dem nussigen Geschmack macht Hanf zum absoluten Spitzenreiter. Eine Prise Salz rundet die feine Paste aus Hanfsamen zus\u00e4tzlich ab.<\/p>\n<h3><b>Bio Hanf Crunchies in f\u00fcnf Variationen<\/b><\/h3>\n<p><span style=\"font-weight: 400;\">Das knusprige Geschmackserlebnis der Extraklasse. Hanf Crunchies sind der ideale Power-Snack f\u00fcr unterwegs oder machen s\u00fc\u00dfe und salzige Speisen zum knusprigen Erlebnis. Im Paket enthalten sind:<\/span><\/p>\n<ul>\n<li style=\"font-weight: 400;\"><span style=\"font-weight: 400;\">Bio Hanf Crunchies Vanilla Cinnamon<\/span><\/li>\n<li style=\"font-weight: 400;\"><span style=\"font-weight: 400;\">Bio Hanf Crunchies Chocolate<\/span><\/li>\n<li style=\"font-weight: 400;\"><span style=\"font-weight: 400;\">Bio Hanf Crunchies White Orange<\/span><\/li>\n<li style=\"font-weight: 400;\"><span style=\"font-weight: 400;\">Bio Hanf Crunchies Salted<\/span><\/li>\n<li style=\"font-weight: 400;\"><span style=\"font-weight: 400;\">Bio Hanf Crunchies Natur<\/span><\/li>\n<\/ul>\n<h3><b>Bio Hanfprotein Roasted<\/b><\/h3>\n<p><span style=\"font-weight: 400;\">Hanf Protein Roasted geh\u00f6rt zur absoluten K\u00f6nigsklasse. Das naturbelassene Proteinpulver kombiniert seinen nussigen Geschmack mit wertvollen Inhaltsstoffen und einem Eiwei\u00dfgehalt von 60%. Die erste Wahl unseres Teams aus Champions.\u00a0<\/span><\/p>\n<h3><b>Bio Hanfsamen Roasted <\/b><\/h3>\n<p><span style=\"font-weight: 400;\">Der unwiderstehlich nussige Geschmack unserer Hanfsamen Roasted hat es in sich. Die feinen Samen sind ein wahres kulinarisches Highlight und stecken zudem voller wertvoller Inhaltsstoffe. Ideal zum Verfeinern von Salaten, Nudelgerichten, Gem\u00fcse, Desserts und auch pur ein Genuss.<\/span><\/p>\n<h3><b>Bio Hanf\u00f6l Roasted <\/b><\/h3>\n<p><span style=\"font-weight: 400;\">Das Hanf\u00f6l f\u00fcr Feinschmecker. Die intensiv-nussige Note macht das Hanf\u00f6l Roasted zu etwas ganz besonderem. <\/span><span style=\"font-weight: 400;\">Es eignet sich vor allem zum Verfeinern von s\u00fc\u00dfen und salzigen Speisen, sowie auf\u2019s Brot, ins M\u00fcsli oder in Smoothies.<\/span><\/p>\n<h3><b>Bio Hanf Spiralen\u00a0<\/b><\/h3>\n<p><span style=\"font-weight: 400;\">Diese Pasta-Kreation ist ein absolutes Highlight: Vorarlberger Urdinkel und Alpenquellwasser gemischt mit Hanfprotein High Fiber sorgen f\u00fcr ein besonderes Geschmackserlebnis. Die Extraportion an Eiwei\u00df und Ballaststoffen unterst\u00fctzt zudem das S\u00e4ttigungsgef\u00fchl.\u00a0<\/span><\/p>\n<h3><b>Bio Hanftee\u00a0<\/b><\/h3>\n<p><span style=\"font-weight: 400;\">Der perfekte Begleiter zum Entspannen und Abschalten. Unser Tee aus den Bl\u00e4ttern der Hanfpflanze ist mild und ausgewogen fein im Geschmack, steckt voll wertvoller \u00e4therischer \u00d6le und wird bereits \u00fcber Jahrhunderte gesch\u00e4tzt.<\/span> <span style=\"font-weight: 400;\">Das Hanftee wird aus THC-armen Hanfbl\u00e4ttern hergestellt und ist somit nicht berauschend.<\/span><\/p>\n<h3><b>Bio CBD \u00d6l 10%<\/b><\/h3>\n<p><span style=\"font-weight: 400;\">CBD Hanfextrakt in h\u00f6chster Qualit\u00e4t mit 10% CBD-Gehalt. Gel\u00f6st in unserem Bio Hanf\u00f6l Roasted und aus 100% biologischen Rohstoffen.<\/span><\/p>\n<h3><b>Hanf Rezeptbuch<\/b><\/h3>\n<p><span style=\"font-weight: 400;\">Mit \u00fcber 50 vitalen Hanfrezepten findet sich f\u00fcr jeden Geschmack das passende Gericht. Die Sammlung beinhaltet die besten Rezepte aus unz\u00e4hligen Kochexperimenten mit Hanf.<\/span><\/p>\n<h3><strong>Zutaten<\/strong><\/h3>\n<p>Zu finden in der Produktbeschreibung des jeweiligen Produktes<\/p>\n<ul>\n<li><a href=\"https:\/\/hempions.com\/ch\/p\/hamesan\/#zutaten\" target=\"_blank\" rel=\"noopener\"><strong>Hanf Hamesan<\/strong><\/a><\/li>\n<li><a href=\"\/ch\/p\/hanfmus-premium\/#zutaten\" target=\"_blank\" rel=\"noopener\"><strong>Hanfmus Roasted<\/strong><\/a><\/li>\n<li><a href=\"\/ch\/p\/bio-hanf-crunchies-vanille-zimt\/#zutaten\" target=\"_blank\" rel=\"noopener\"><span style=\"font-weight: 400;\"><strong>Hanf Crunchies Vanilla Cinnamon<\/strong><\/span><\/a><\/li>\n<li><a href=\"\/ch\/p\/bio-hanf-crunchies-schoko\/#zutaten\" target=\"_blank\" rel=\"noopener\"><strong>Hanf Crunchies Chocolate<\/strong><\/a><\/li>\n<li><a href=\"\/ch\/p\/bio-hanf-crunchies-weisse-orange\/#zutaten\" target=\"_blank\" rel=\"noopener\"><span style=\"font-weight: 400;\"><strong>Hanf Crunchies White Orange<\/strong><\/span><\/a><\/li>\n<li><a href=\"\/ch\/p\/hanf-crunchies-gesalzen\/#zutaten\" target=\"_blank\" rel=\"noopener\"><span style=\"font-weight: 400;\"><strong>Hanf Crunchies Salted<\/strong><\/span><\/a><\/li>\n<li><a href=\"\/ch\/p\/hanf-crunchies-natur\/#zutaten\" target=\"_blank\" rel=\"noopener\"><span style=\"font-weight: 400;\"><strong>Hanf Crunchies Natur<\/strong><\/span><\/a><\/li>\n<li><a href=\"\/ch\/p\/hanfprotein-premium\/#zutaten\" target=\"_blank\" rel=\"noopener\"><span style=\"font-weight: 400;\"><strong>Hanfprotein Roasted<\/strong><\/span><\/a><\/li>\n<li><a href=\"\/ch\/p\/bio-hanfsamen-premium\/#zutaten\" target=\"_blank\" rel=\"noopener\"><span style=\"font-weight: 400;\"><strong>Hanfsamen Roasted<\/strong><\/span><\/a><\/li>\n<li><a href=\"\/ch\/p\/hanfoel-premium\/#zutaten\" target=\"_blank\" rel=\"noopener\"><span style=\"font-weight: 400;\"><strong>Hanf\u00f6l Roasted<\/strong><\/span><\/a><\/li>\n<li><a href=\"\/ch\/p\/bio-hanf-urdinkel-spiralen\/#zutaten\" target=\"_blank\" rel=\"noopener\"><span style=\"font-weight: 400;\"><strong>Hanf Urdinkel Spiralen<\/strong><\/span><\/a><\/li>\n<li><a href=\"\/ch\/p\/bio-hanftee\/#zutaten\" target=\"_blank\" rel=\"noopener\"><span style=\"font-weight: 400;\"><strong>Hanftee<\/strong><\/span><\/a><\/li>\n<li><a href=\"\/ch\/p\/bio-cbd-oel-10\/#inhaltsstoffe\" target=\"_blank\" rel=\"noopener\"><span style=\"font-weight: 400;\"><strong>CBD \u00d6l 10%<\/strong><\/span><\/a><\/li>\n<\/ul>\n<p><span style=\"font-weight: 400;\">Alle Produkte im Paket sind vegan und weisen <strong>keine berauschende Wirkung<\/strong> auf. Hanf Urdinkel Spiralen enthalten Gluten (Dinkel), bei den anderen Produkten<\/span><span style=\"font-weight: 400;\"> k\u00f6nnen erntebedingt Spuren von Gluten enthalten sein.<\/span><\/p>\n<h2><b>Inhalt<\/b><\/h2>\n<p>Im <strong>Champions Paket <span class=\"cbd_content\">Basic<\/span><\/strong> findest du:<\/p>\n<ul>\n<li><span style=\"font-weight: 400;\">1x <strong>Bio Hanf Hamesan <\/strong>&#8211; 250 g<\/span><\/li>\n<li><span style=\"font-weight: 400;\">1x <strong>Bio Hanfmus Roasted <\/strong>&#8211; 200 g<\/span><\/li>\n<li><span style=\"font-weight: 400;\">1x <strong>Bio Hanf Crunchies Vanilla Cinnamon <\/strong>&#8211;\u00a050 g<\/span><\/li>\n<li>1x <strong>Bio Hanf Crunchies Chocolate <\/strong>&#8211;\u00a050 g<\/li>\n<li><span style=\"font-weight: 400;\">1x <strong>Bio Hanf Crunchies White Orange <\/strong>&#8211;\u00a050 g<\/span><\/li>\n<li><span style=\"font-weight: 400;\">1x <strong>Bio Hanf Crunchies Salted<\/strong> &#8211;\u00a050 g<\/span><\/li>\n<li><span style=\"font-weight: 400;\">1x <strong>Bio Hanf Crunchies Natur<\/strong> &#8211; 50 g<\/span><\/li>\n<li><span style=\"font-weight: 400;\">1x <strong>Bio Hanfprotein Roasted<\/strong>\u00a0&#8211; 175 g<\/span><\/li>\n<li><span style=\"font-weight: 400;\">1x <strong>Bio Hanfsamen Roasted<\/strong>\u00a0&#8211; 200 g<\/span><\/li>\n<li><span style=\"font-weight: 400;\">1x <strong>Bio Hanf\u00f6l Roasted <\/strong>&#8211; 100 ml<\/span><\/li>\n<li><span style=\"font-weight: 400;\">1x <strong>Bio Hanf Urdinkel Spiralen <\/strong>&#8211; 350 g<\/span><\/li>\n<li><span style=\"font-weight: 400;\">1x <strong>Bio Hanftee <\/strong>&#8211; 25 g<\/span><\/li>\n<li><span style=\"font-weight: 400;\">1x<strong> Bio CBD \u00d6l 10% <\/strong>&#8211;\u00a010 ml<\/span><\/li>\n<\/ul>\n<p>Im <strong>Champions<\/strong><strong> Paket mit Rezeptbuch<\/strong>\u00a0sind folgende Produkte enthalten:<\/p>\n<ul>\n<li>Alle Produkte aus dem <strong>Champions<\/strong><strong>\u00a0Paket Basic\u00a0<\/strong>(siehe oben) plus<\/li>\n<li>1x<strong> <span style=\"font-weight: 400;\">Hanf Rezeptbuch<\/span><\/strong><\/li>\n<\/ul>\n<p><span style=\"font-weight: 400;\">F\u00fcllh\u00f6he sowie N\u00e4hrstoffwerte unterliegen den bei Naturprodukten \u00fcblichen Schwankungen.<\/span><\/p>\n<h2><b>Lagerhinweis<\/b><\/h2>\n<p><span style=\"font-weight: 400;\">Gut verschlossen, trocken und vor W\u00e4rme gesch\u00fctzt lagern.<\/span><\/p>\n<h2><b>Hinweis<\/b><\/h2>\n<p><span style=\"font-weight: 400;\">THC-Gehalt: &lt;0,01 %<br \/>\n<\/span><span style=\"font-weight: 400;\">CBD-Gehalt: &lt;0,01 %<br \/>\n<\/span><span style=\"font-weight: 400;\">Erntebedingt k\u00f6nnen Spuren von Cannabinoiden enthalten sein.<\/span><\/p>\n<p><span style=\"font-weight: 400;\">Eine abwechslungsreiche, ausgewogene Ern\u00e4hrung, Bewegung und ein gesunder Lebensstil sind wichtig f\u00fcr die Gesundheit.<\/span><\/p>","protected":false},"excerpt":{"rendered":"<p>gro\u00dfe Auswahl zum super Preis<\/p>","protected":false},"featured_media":104479,"comment_status":"open","ping_status":"closed","template":"","meta":{"BoldBlocksTypography":[],"editor_plus_copied_stylings":"{}","site-sidebar-layout":"no-sidebar","site-content-layout":"default","ast-site-content-layout":"default","site-content-style":"default","site-sidebar-style":"default","ast-global-header-display":"","ast-banner-title-visibility":"","ast-main-header-display":"","ast-hfb-above-header-display":"","ast-hfb-below-header-display":"","ast-hfb-mobile-header-display":"","site-post-title":"","ast-breadcrumbs-content":"","ast-featured-img":"","footer-sml-layout":"","theme-transparent-header-meta":"default","adv-header-id-meta":"","stick-header-meta":"default","header-above-stick-meta":"","header-main-stick-meta":"","header-below-stick-meta":"","astra-migrate-meta-layouts":"set","ast-page-background-enabled":"default","ast-page-background-meta":{"desktop":{"background-color":"","background-image":"","background-repeat":"repeat","background-position":"center center","background-size":"auto","background-attachment":"scroll","background-type":"","background-media":"","overlay-type":"","overlay-color":"","overlay-opacity":"","overlay-gradient":""},"tablet":{"background-color":"","background-image":"","background-repeat":"repeat","background-position":"center center","background-size":"auto","background-attachment":"scroll","background-type":"","background-media":"","overlay-type":"","overlay-color":"","overlay-opacity":"","overlay-gradient":""},"mobile":{"background-color":"","background-image":"","background-repeat":"repeat","background-position":"center center","background-size":"auto","background-attachment":"scroll","background-type":"","background-media":"","overlay-type":"","overlay-color":"","overlay-opacity":"","overlay-gradient":""}},"ast-content-background-meta":{"desktop":{"background-color":"var(--ast-global-color-5)","background-image":"","background-repeat":"repeat","background-position":"center center","background-size":"auto","background-attachment":"scroll","background-type":"","background-media":"","overlay-type":"","overlay-color":"","overlay-opacity":"","overlay-gradient":""},"tablet":{"background-color":"var(--ast-global-color-5)","background-image":"","background-repeat":"repeat","background-position":"center center","background-size":"auto","background-attachment":"scroll","background-type":"","background-media":"","overlay-type":"","overlay-color":"","overlay-opacity":"","overlay-gradient":""},"mobile":{"background-color":"var(--ast-global-color-5)","background-image":"","background-repeat":"repeat","background-position":"center center","background-size":"auto","background-attachment":"scroll","background-type":"","background-media":"","overlay-type":"","overlay-color":"","overlay-opacity":"","overlay-gradient":""}}},"product_cat":[4152],"product_tag":[457],"class_list":{"0":"post-54527","1":"product","2":"type-product","3":"status-publish","4":"has-post-thumbnail","6":"product_cat-sparsets","7":"product_tag-lebensmittel","8":"product_shipping_class-versandkostenfrei-cbd","9":"desktop-align-left","10":"tablet-align-left","11":"mobile-align-left","12":"ast-product-gallery-layout-horizontal","13":"ast-product-gallery-with-no-image","14":"ast-magnify-disabled","15":"ast-product-single-variable","16":"ast-product-tabs-layout-horizontal","18":"first","19":"outofstock","20":"sale","21":"taxable","22":"shipping-taxable","23":"purchasable","24":"product-type-variable","25":"has-default-attributes"},"_links":{"self":[{"href":"https:\/\/hempions.com\/ch\/wp-json\/wp\/v2\/product\/54527"}],"collection":[{"href":"https:\/\/hempions.com\/ch\/wp-json\/wp\/v2\/product"}],"about":[{"href":"https:\/\/hempions.com\/ch\/wp-json\/wp\/v2\/types\/product"}],"replies":[{"embeddable":true,"href":"https:\/\/hempions.com\/ch\/wp-json\/wp\/v2\/comments?post=54527"}],"wp:featuredmedia":[{"embeddable":true,"href":"https:\/\/hempions.com\/ch\/wp-json\/wp\/v2\/media\/104479"}],"wp:attachment":[{"href":"https:\/\/hempions.com\/ch\/wp-json\/wp\/v2\/media?parent=54527"}],"wp:term":[{"taxonomy":"product_cat","embeddable":true,"href":"https:\/\/hempions.com\/ch\/wp-json\/wp\/v2\/product_cat?post=54527"},{"taxonomy":"product_tag","embeddable":true,"href":"https:\/\/hempions.com\/ch\/wp-json\/wp\/v2\/product_tag?post=54527"}],"curies":[{"name":"wp","href":"https:\/\/api.w.org\/{rel}","templated":true}]}}