{"id":121097,"date":"2026-01-22T13:51:14","date_gmt":"2026-01-22T12:51:14","guid":{"rendered":"https:\/\/hempions.com\/?page_id=121097"},"modified":"2026-01-22T14:02:19","modified_gmt":"2026-01-22T13:02:19","slug":"geschmacksgarantie","status":"publish","type":"page","link":"https:\/\/hempions.com\/en\/geschmacksgarantie\/","title":{"rendered":"Geschmacksgarantie"},"content":{"rendered":"<div class=\"wp-block-group has-ast-global-color-5-background-color has-background eplus-wrapper is-layout-constrained wp-container-core-group-is-layout-1 wp-block-group-is-layout-constrained\" style=\"margin-top:20px;margin-bottom:20px;padding-top:20px;padding-right:30px;padding-bottom:20px;padding-left:30px\"><div class=\"wp-block-group__inner-container\"><h1 class=\"wp-block-heading has-text-align-center eplus-wrapper\" style=\"font-size:1.8em\"><strong>Geschmacksgarantie<\/strong><\/h1>\n\n<p class=\"has-text-align-center eplus-wrapper\"><strong>Snacken ohne Risiko \u2013 versprochen.<\/strong><\/p>\n\n<p class=\"eplus-wrapper\"><strong>Snacken muss schmecken<\/strong>! Und genau deshalb gehen wir bei Hempions kein Risiko f\u00fcr dich ein. Wir sind von unseren <a href=\"https:\/\/hempions.com\/en\/hanf-flips\/\">Hemp Flips<\/a> \u00fcberzeugt und m\u00f6chten dir den Kauf so einfach und sicher wie m\u00f6glich machen:<\/p>\n\n<h3 class=\"wp-block-heading eplus-wrapper\"><strong>Unsere Geschmacksgarantie<\/strong><\/h3>\n\n<p class=\"eplus-wrapper\">Wenn du innerhalb von\u00a0<strong>45 Tagen nach dem Kauf<\/strong>\u00a0feststellst, dass dir unsere <a href=\"https:\/\/hempions.com\/en\/hanf-flips\/\">Hemp Flips<\/a> doch nicht schmecken, kannst du sie an uns zur\u00fccksenden \u2013 und wir\u00a0<strong>erstatten dir den vollen Produktpreis<\/strong>.<\/p>\n\n<p class=\"eplus-wrapper\">Die Kosten f\u00fcr den R\u00fcckversand k\u00f6nnen wir leider nicht \u00fcbernehmen. Wir empfehlen dir einen\u00a0<strong>versicherten Versand<\/strong>, damit deine R\u00fccksendung sicher bei uns ankommt. \ud83d\udce6<\/p>\n\n<h3 class=\"wp-block-heading eplus-wrapper\"><strong>Wichtig bei mehreren Packungen<\/strong><\/h3>\n\n<p class=\"eplus-wrapper\">When you&nbsp;<strong>mehrere Packungen desselben Produkts<\/strong>&nbsp;bestellt hast, darf&nbsp;<strong>maximal eine Packung ge\u00f6ffnet<\/strong>&nbsp;sein, damit die Geschmacksgarantie gilt.<\/p>\n\n<p class=\"eplus-wrapper\"><strong>Beispiel:<\/strong><br>Du hast 12 Packungen Hemp Flips gekauft und stellst fest, dass sie nicht deinem Geschmack entsprechen. In diesem Fall darf&nbsp;<strong>eine Packung ge\u00f6ffnet<\/strong>&nbsp;sein, die \u00fcbrigen <strong>11 Packungen m\u00fcssen unge\u00f6ffnet<\/strong>&nbsp;zur\u00fcckgesendet werden.<\/p>\n\n<p class=\"eplus-wrapper\">Bitte gib in deiner Nachricht an,&nbsp;<strong>ob und wie viele Packungen ge\u00f6ffnet wurden<\/strong>.<\/p>\n\n<h3 class=\"wp-block-heading eplus-wrapper\"><strong>Ausnahmen &amp; Hinweise \u2757<\/strong><\/h3>\n\n<ul class=\"wp-block-list eplus-wrapper eplus-styles-uid-a2ed21\"><li class=\"eplus-wrapper\"><strong>Limitierte Boxen oder Sondereditionen<\/strong>\u00a0(mit * gekennzeichnet) sind von der Geschmacksgarantie ausgeschlossen.<\/li>\n\n<li class=\"eplus-wrapper\">Die Geschmacksgarantie gilt\u00a0<strong>ausschlie\u00dflich f\u00fcr Bestellungen aus unserem Webshop (hempions.com)<\/strong>.<\/li>\n\n<li class=\"eplus-wrapper\">Produkte, die im station\u00e4ren Handel, in Superm\u00e4rkten oder bei Drittanbietern gekauft wurden, sind von der Geschmacksgarantie ausgeschlossen.<\/li>\n\n<li class=\"eplus-wrapper\">Your\u00a0<strong>gesetzliches 14-t\u00e4giges Widerrufsrecht<\/strong>\u00a0bleibt von dieser Garantie selbstverst\u00e4ndlich unber\u00fchrt.<\/li><\/ul>\n\n<h3 class=\"wp-block-heading eplus-wrapper\"><strong>So nutzt du die Geschmacksgarantie<\/strong><\/h3>\n\n<p class=\"eplus-wrapper\">Schreib uns einfach eine E-Mail an<br>\ud83d\udce7&nbsp;<strong><a>support@hempions.com<\/a><\/strong><\/p>\n\n<p class=\"eplus-wrapper\">Bitte gib dabei deine&nbsp;<strong>Bestellnummer<\/strong>&nbsp;an und eine kurze Info, warum du die Geschmacksgarantie in Anspruch nehmen m\u00f6chtest.<br>Wir melden uns anschlie\u00dfend mit allen weiteren Infos zur R\u00fccksendung bei dir.<\/p><\/div><\/div>","protected":false},"excerpt":{"rendered":"<p> [...]<\/p>","protected":false},"author":1,"featured_media":0,"parent":0,"menu_order":0,"comment_status":"closed","ping_status":"closed","template":"","meta":{"BoldBlocksTypography":[],"editor_plus_copied_stylings":"{}","site-sidebar-layout":"default","site-content-layout":"","ast-site-content-layout":"default","site-content-style":"default","site-sidebar-style":"default","ast-global-header-display":"","ast-banner-title-visibility":"","ast-main-header-display":"","ast-hfb-above-header-display":"","ast-hfb-below-header-display":"","ast-hfb-mobile-header-display":"","site-post-title":"disabled","ast-breadcrumbs-content":"","ast-featured-img":"","footer-sml-layout":"","theme-transparent-header-meta":"","adv-header-id-meta":"","stick-header-meta":"","header-above-stick-meta":"","header-main-stick-meta":"","header-below-stick-meta":"","astra-migrate-meta-layouts":"set","ast-page-background-enabled":"default","ast-page-background-meta":{"desktop":{"background-color":"","background-image":"","background-repeat":"repeat","background-position":"center center","background-size":"auto","background-attachment":"scroll","background-type":"","background-media":"","overlay-type":"","overlay-color":"","overlay-opacity":"","overlay-gradient":""},"tablet":{"background-color":"","background-image":"","background-repeat":"repeat","background-position":"center center","background-size":"auto","background-attachment":"scroll","background-type":"","background-media":"","overlay-type":"","overlay-color":"","overlay-opacity":"","overlay-gradient":""},"mobile":{"background-color":"","background-image":"","background-repeat":"repeat","background-position":"center center","background-size":"auto","background-attachment":"scroll","background-type":"","background-media":"","overlay-type":"","overlay-color":"","overlay-opacity":"","overlay-gradient":""}},"ast-content-background-meta":{"desktop":{"background-color":"var(--ast-global-color-5)","background-image":"","background-repeat":"repeat","background-position":"center center","background-size":"auto","background-attachment":"scroll","background-type":"","background-media":"","overlay-type":"","overlay-color":"","overlay-opacity":"","overlay-gradient":""},"tablet":{"background-color":"var(--ast-global-color-5)","background-image":"","background-repeat":"repeat","background-position":"center center","background-size":"auto","background-attachment":"scroll","background-type":"","background-media":"","overlay-type":"","overlay-color":"","overlay-opacity":"","overlay-gradient":""},"mobile":{"background-color":"var(--ast-global-color-5)","background-image":"","background-repeat":"repeat","background-position":"center center","background-size":"auto","background-attachment":"scroll","background-type":"","background-media":"","overlay-type":"","overlay-color":"","overlay-opacity":"","overlay-gradient":""}},"footnotes":""},"class_list":["post-121097","page","type-page","status-publish","hentry"],"_links":{"self":[{"href":"https:\/\/hempions.com\/en\/wp-json\/wp\/v2\/pages\/121097"}],"collection":[{"href":"https:\/\/hempions.com\/en\/wp-json\/wp\/v2\/pages"}],"about":[{"href":"https:\/\/hempions.com\/en\/wp-json\/wp\/v2\/types\/page"}],"author":[{"embeddable":true,"href":"https:\/\/hempions.com\/en\/wp-json\/wp\/v2\/users\/1"}],"replies":[{"embeddable":true,"href":"https:\/\/hempions.com\/en\/wp-json\/wp\/v2\/comments?post=121097"}],"version-history":[{"count":2,"href":"https:\/\/hempions.com\/en\/wp-json\/wp\/v2\/pages\/121097\/revisions"}],"predecessor-version":[{"id":121111,"href":"https:\/\/hempions.com\/en\/wp-json\/wp\/v2\/pages\/121097\/revisions\/121111"}],"wp:attachment":[{"href":"https:\/\/hempions.com\/en\/wp-json\/wp\/v2\/media?parent=121097"}],"curies":[{"name":"wp","href":"https:\/\/api.w.org\/{rel}","templated":true}]}}